{"id":2,"date":"2017-01-22T13:42:14","date_gmt":"2017-01-22T13:42:14","guid":{"rendered":"http:\/\/lamaisontupinier.com\/?page_id=2"},"modified":"2021-05-16T14:14:58","modified_gmt":"2021-05-16T12:14:58","slug":"sample-page","status":"publish","type":"page","link":"https:\/\/lamaisontupinier.com\/index.php\/sample-page\/","title":{"rendered":"Cluny et aux alentours"},"content":{"rendered":"<p>Ci-dessous des liens \u00a0vers d\u2019autres sites pour vous aider \u00e0 organiser votre s\u00e9jour<\/p>\n<p><a href=\"http:\/\/www.cluny-tourisme.com\/Agenda-142.html?lang=fr\">L\u2019agenda des \u00e9v\u00e9nements \u00e0 Cluny m\u00eame<\/a>.<\/p>\n<p><a href=\"http:\/\/www.mon-coin-de-bourgogne.fr\/roche-de-solutre\/\">La Roche de Solutr\u00e9<\/a><\/p>\n<p>Vignobles : les vins blancs avec c\u00e9page de Chardonnay:<a href=\"http:\/\/terres-secretes.com\/produit\/terres-secretes\/\">Pouilly- Fuiss\u00e9<\/a>,\u00a0<a href=\"http:\/\/terres-secretes.com\/produit\/lieux-dit-saint-veran\/\">Saint Veran<\/a>, et les rouge Gamay du \u00a0<a href=\"http:\/\/terres-secretes.com\/produit\/macon-rouge-les-sentinelles\/\">M\u00e2con villages<\/a><\/p>\n<p>Ch\u00e2teaux et jardins:<\/p>\n<p>\u00c0 15 km au nord de Cluny\u00a0<a href=\"http:\/\/www.chateaudecormatin.com\/fr\">Ch\u00e2teaux de Cormatin<\/a>,<\/p>\n<p><a href=\"http:\/\/chateaudedigoine.fr\/\">Ch\u00e2teaux de Digoin<\/a>,<\/p>\n<p>\u00e0 10 km de Cluny\u00a0<a href=\"http:\/\/www.mon-coin-de-bourgogne.fr\/berze-le-chatel\/\">Ch\u00e2teau de Berz\u00e9- le- Ch\u00e2tel<\/a><\/p>\n<p><a href=\"https:\/\/www.francevelotourisme.com\/base-1\/troncons\/bourgogne-du-sud-voie-verte-et-voie-bleue\/etapes\/voie-verte-bourgogne-du-sud-cormatin-cluny\">La voie verte<\/a>, une piste cyclable de 100km, d\u00e9part centre au de Cluny<\/p>\n<p><a href=\"http:\/\/www.taize.fr\/fr_rubrique379.html\">Centre \u0153cum\u00e9nique de Taiz\u00e9<\/a><\/p>\n","protected":false},"excerpt":{"rendered":"<p>Ci-dessous des liens \u00a0vers d\u2019autres sites pour vous aider \u00e0 organiser votre s\u00e9jour L\u2019agenda des \u00e9v\u00e9nements \u00e0 Cluny m\u00eame. La Roche de Solutr\u00e9 Vignobles : les vins blancs avec c\u00e9page de Chardonnay:Pouilly- Fuiss\u00e9,\u00a0Saint Veran, et les rouge Gamay du \u00a0M\u00e2con villages Ch\u00e2teaux et jardins: \u00c0 15 km au nord de Cluny\u00a0Ch\u00e2teaux de Cormatin, Ch\u00e2teaux de &hellip; <\/p>\n<p class=\"link-more\"><a href=\"https:\/\/lamaisontupinier.com\/index.php\/sample-page\/\" class=\"more-link\">Continuer la lecture<span class=\"screen-reader-text\"> de &laquo;&nbsp;Cluny et aux alentours&nbsp;&raquo;<\/span><\/a><\/p>\n","protected":false},"author":1,"featured_media":0,"parent":0,"menu_order":0,"comment_status":"closed","ping_status":"open","template":"","meta":{"footnotes":""},"class_list":["post-2","page","type-page","status-publish","hentry"],"_links":{"self":[{"href":"https:\/\/lamaisontupinier.com\/index.php\/wp-json\/wp\/v2\/pages\/2","targetHints":{"allow":["GET"]}}],"collection":[{"href":"https:\/\/lamaisontupinier.com\/index.php\/wp-json\/wp\/v2\/pages"}],"about":[{"href":"https:\/\/lamaisontupinier.com\/index.php\/wp-json\/wp\/v2\/types\/page"}],"author":[{"embeddable":true,"href":"https:\/\/lamaisontupinier.com\/index.php\/wp-json\/wp\/v2\/users\/1"}],"replies":[{"embeddable":true,"href":"https:\/\/lamaisontupinier.com\/index.php\/wp-json\/wp\/v2\/comments?post=2"}],"version-history":[{"count":2,"href":"https:\/\/lamaisontupinier.com\/index.php\/wp-json\/wp\/v2\/pages\/2\/revisions"}],"predecessor-version":[{"id":213,"href":"https:\/\/lamaisontupinier.com\/index.php\/wp-json\/wp\/v2\/pages\/2\/revisions\/213"}],"wp:attachment":[{"href":"https:\/\/lamaisontupinier.com\/index.php\/wp-json\/wp\/v2\/media?parent=2"}],"curies":[{"name":"wp","href":"https:\/\/api.w.org\/{rel}","templated":true}]}}