{"id":209,"date":"2021-05-16T14:13:27","date_gmt":"2021-05-16T12:13:27","guid":{"rendered":"https:\/\/lamaisontupinier.com\/?page_id=209"},"modified":"2022-02-02T14:37:41","modified_gmt":"2022-02-02T13:37:41","slug":"acceuil","status":"publish","type":"page","link":"https:\/\/lamaisontupinier.com\/index.php\/acceuil\/","title":{"rendered":"Acceuil"},"content":{"rendered":"\n<p>Datant du XVIIe si\u00e8cle, la Maison Tupinier est situ\u00e9e \u00e0 100 m\u00e8tres de l&rsquo;abbaye m\u00e9di\u00e9vale de Cluny et \u00e0 22 km de  la station TGV M\u00e2con- Loch\u00e9. <\/p>\n\n\n\n<p>Vous pourrez profiter du jardin clos de mur, et  une connexion Wi-Fi gratuite. Le parking public se trouve a l&rsquo;ext\u00e9rieur du jardin. <\/p>\n\n\n\n<p>Vous acc\u00e9dez a l&rsquo;appartement situ\u00e9 au deuxi\u00e8me \u00e9tage de la maison, par un escalier a colima\u00e7on en pierre du XVI\u00e8me si\u00e8cle qui n\u2019est pas recommand\u00e9 aux personnes a mobilit\u00e9 r\u00e9duite.<\/p>\n\n\n\n<p>Les chambres comprennent un bureau et une salle de bains privative pourvue d&rsquo;une douche \u00e0 l&rsquo;italienne l&rsquo;autre d&rsquo;une baignoire avec douche, de toilettes et d&rsquo;articles de toilette gratuits. <\/p>\n\n\n\n<p>Vous trouverez des bars et des restaurants dans les environs imm\u00e9diats de la maison.<\/p>\n\n\n\n<p>Fran\u00e7ais, Anglais, Espagnol et Italien.<\/p>\n\n\n\n<p>Animaux bienvenus<\/p>\n\n\n\n<p><\/p>\n","protected":false},"excerpt":{"rendered":"<p>Datant du XVIIe si\u00e8cle, la Maison Tupinier est situ\u00e9e \u00e0 100 m\u00e8tres de l&rsquo;abbaye m\u00e9di\u00e9vale de Cluny et \u00e0 22 km de la station TGV M\u00e2con- Loch\u00e9. Vous pourrez profiter du jardin clos de mur, et une connexion Wi-Fi gratuite. Le parking public se trouve a l&rsquo;ext\u00e9rieur du jardin. Vous acc\u00e9dez a l&rsquo;appartement situ\u00e9 au &hellip; <\/p>\n<p class=\"link-more\"><a href=\"https:\/\/lamaisontupinier.com\/index.php\/acceuil\/\" class=\"more-link\">Continuer la lecture<span class=\"screen-reader-text\"> de &laquo;&nbsp;Acceuil&nbsp;&raquo;<\/span><\/a><\/p>\n","protected":false},"author":1,"featured_media":0,"parent":0,"menu_order":0,"comment_status":"closed","ping_status":"closed","template":"","meta":{"footnotes":""},"class_list":["post-209","page","type-page","status-publish","hentry"],"_links":{"self":[{"href":"https:\/\/lamaisontupinier.com\/index.php\/wp-json\/wp\/v2\/pages\/209","targetHints":{"allow":["GET"]}}],"collection":[{"href":"https:\/\/lamaisontupinier.com\/index.php\/wp-json\/wp\/v2\/pages"}],"about":[{"href":"https:\/\/lamaisontupinier.com\/index.php\/wp-json\/wp\/v2\/types\/page"}],"author":[{"embeddable":true,"href":"https:\/\/lamaisontupinier.com\/index.php\/wp-json\/wp\/v2\/users\/1"}],"replies":[{"embeddable":true,"href":"https:\/\/lamaisontupinier.com\/index.php\/wp-json\/wp\/v2\/comments?post=209"}],"version-history":[{"count":6,"href":"https:\/\/lamaisontupinier.com\/index.php\/wp-json\/wp\/v2\/pages\/209\/revisions"}],"predecessor-version":[{"id":241,"href":"https:\/\/lamaisontupinier.com\/index.php\/wp-json\/wp\/v2\/pages\/209\/revisions\/241"}],"wp:attachment":[{"href":"https:\/\/lamaisontupinier.com\/index.php\/wp-json\/wp\/v2\/media?parent=209"}],"curies":[{"name":"wp","href":"https:\/\/api.w.org\/{rel}","templated":true}]}}